{"id":274,"date":"2016-11-10T16:41:00","date_gmt":"2016-11-10T16:41:00","guid":{"rendered":"https:\/\/oceanwp.org\/architect\/?page_id=274"},"modified":"2021-02-13T18:17:24","modified_gmt":"2021-02-13T18:17:24","slug":"about","status":"publish","type":"page","link":"https:\/\/nerdonfi.re\/?page_id=274","title":{"rendered":"Sobre m\u00ed"},"content":{"rendered":"\t\t<div data-elementor-type=\"wp-page\" data-elementor-id=\"274\" class=\"elementor elementor-274\">\n\t\t\t\t\t\t<section class=\"elementor-section elementor-top-section elementor-element elementor-element-e1c1bd5 elementor-section-boxed elementor-section-height-default elementor-section-height-default\" data-id=\"e1c1bd5\" data-element_type=\"section\" data-e-type=\"section\">\n\t\t\t\t\t\t<div class=\"elementor-container elementor-column-gap-default\">\n\t\t\t\t\t<div class=\"elementor-column elementor-col-100 elementor-top-column elementor-element elementor-element-82c308d\" data-id=\"82c308d\" data-element_type=\"column\" data-e-type=\"column\">\n\t\t\t<div class=\"elementor-widget-wrap elementor-element-populated\">\n\t\t\t\t\t\t<div class=\"elementor-element elementor-element-94dd65e elementor-widget elementor-widget-text-editor\" data-id=\"94dd65e\" data-element_type=\"widget\" data-e-type=\"widget\" data-widget_type=\"text-editor.default\">\n\t\t\t\t<div class=\"elementor-widget-container\">\n\t\t\t\t\t\t\t\t\t<p>Bienvenido a mi blog an\u00f3nimo!<\/p>\n<p><img fetchpriority=\"high\" decoding=\"async\" src=\"http:\/\/nerdonfi.re\/wp-content\/uploads\/2021\/02\/nerdonfi-1024x768.jpg\" alt=\"\" width=\"480\" height=\"360\"><span style=\"color: rgb(51, 51, 51); font-family: &quot;Josefin Sans&quot;; font-size: 20px; font-weight: 700;\">&nbsp;<\/span><\/p><div>\n<h2>Qui\u00e9n soy?<\/h2>\n<p style=\"font-variant-ligatures: normal; font-variant-caps: normal; font-family: Lato; font-size: 15px; font-style: normal; font-weight: 300;\">Tengo 32 a\u00f1os, originalmente de Barcelona, aunque he vivido en distintos pa\u00edses durante m\u00e1s de 6 a\u00f1os, me considero un ciudadano del mundo. Recientemente he vuelto a Barcelona por estar m\u00e1s cerca de mi familia y amigos. Aunque viajar y descubrir lugares y culturas nuevas es mi pasi\u00f3n.<\/p><p>Soy &#8216;inform\u00e1tico&#8217; de profesi\u00f3n, tengo la suerte de estar muy especializado. Gano +115.000 euros anuales en mi trabajo actual con una fortune 500. Entre mis compa\u00f1eros nos <b>etiquetamos cari\u00f1osamente &#8216;nerds&#8217;<\/b>, y de aqu\u00ed sale el nombre del blog.<\/p>\n<p><span style=\"color: rgb(51, 51, 51); font-family: &quot;Josefin Sans&quot;; font-size: 20px; font-weight: 700;\">Por qu\u00e9 este blog?<\/span><br><\/p>\n<p>Me gusta mucho leer sobre crecimiento personal, y optimizar muchos aspectos de mis vida, incluidas las finanzas personales, las relaciones con mis amigos y familia. Me considero muy minimalista, me encanta viajar y espero utilizar este blog para tener un poco de presi\u00f3n social y obligarme a escribir m\u00e1s a menudo. Escribir sobre lo que aprendo me ayuda a reflexionar sobre ello y a recordarlo.&nbsp; Reconozco que tengo muchas influencias de Mr Money Mustache, Tom Ferris, Naval, y estoicismo entre otros.<\/p>\n<\/div>\t\t\t\t\t\t\t\t<\/div>\n\t\t\t\t<\/div>\n\t\t\t\t\t<\/div>\n\t\t<\/div>\n\t\t\t\t\t<\/div>\n\t\t<\/section>\n\t\t\t\t<\/div>\n\t\t","protected":false},"excerpt":{"rendered":"<p>Bienvenido a mi blog an\u00f3nimo! &nbsp; Qui\u00e9n soy? Tengo 32 a\u00f1os, originalmente de Barcelona, aunque he vivido en distintos pa\u00edses durante m\u00e1s de 6 a\u00f1os, me considero un ciudadano del mundo. Recientemente he vuelto a Barcelona por estar m\u00e1s cerca de mi familia y amigos. Aunque viajar y descubrir lugares y culturas nuevas es mi [&hellip;]<\/p>\n","protected":false},"author":1,"featured_media":0,"parent":0,"menu_order":0,"comment_status":"closed","ping_status":"closed","template":"","meta":{"ocean_post_layout":"full-screen","ocean_both_sidebars_style":"","ocean_both_sidebars_content_width":0,"ocean_both_sidebars_sidebars_width":0,"ocean_sidebar":"0","ocean_second_sidebar":"0","ocean_disable_margins":"on","ocean_add_body_class":"","ocean_shortcode_before_top_bar":"","ocean_shortcode_after_top_bar":"","ocean_shortcode_before_header":"","ocean_shortcode_after_header":"","ocean_has_shortcode":"","ocean_shortcode_after_title":"","ocean_shortcode_before_footer_widgets":"","ocean_shortcode_after_footer_widgets":"","ocean_shortcode_before_footer_bottom":"","ocean_shortcode_after_footer_bottom":"","ocean_display_top_bar":"default","ocean_display_header":"default","ocean_header_style":"","ocean_center_header_left_menu":"0","ocean_custom_header_template":"0","ocean_custom_logo":0,"ocean_custom_retina_logo":0,"ocean_custom_logo_max_width":0,"ocean_custom_logo_tablet_max_width":0,"ocean_custom_logo_mobile_max_width":0,"ocean_custom_logo_max_height":0,"ocean_custom_logo_tablet_max_height":0,"ocean_custom_logo_mobile_max_height":0,"ocean_header_custom_menu":"0","ocean_menu_typo_font_family":"0","ocean_menu_typo_font_subset":"","ocean_menu_typo_font_size":0,"ocean_menu_typo_font_size_tablet":0,"ocean_menu_typo_font_size_mobile":0,"ocean_menu_typo_font_size_unit":"px","ocean_menu_typo_font_weight":"","ocean_menu_typo_font_weight_tablet":"","ocean_menu_typo_font_weight_mobile":"","ocean_menu_typo_transform":"","ocean_menu_typo_transform_tablet":"","ocean_menu_typo_transform_mobile":"","ocean_menu_typo_line_height":0,"ocean_menu_typo_line_height_tablet":0,"ocean_menu_typo_line_height_mobile":0,"ocean_menu_typo_line_height_unit":"","ocean_menu_typo_spacing":0,"ocean_menu_typo_spacing_tablet":0,"ocean_menu_typo_spacing_mobile":0,"ocean_menu_typo_spacing_unit":"","ocean_menu_link_color":"","ocean_menu_link_color_hover":"","ocean_menu_link_color_active":"","ocean_menu_link_background":"","ocean_menu_link_hover_background":"","ocean_menu_link_active_background":"","ocean_menu_social_links_bg":"","ocean_menu_social_hover_links_bg":"","ocean_menu_social_links_color":"","ocean_menu_social_hover_links_color":"","ocean_disable_title":"default","ocean_disable_heading":"default","ocean_post_title":"","ocean_post_subheading":"","ocean_post_title_style":"","ocean_post_title_background_color":"","ocean_post_title_background":0,"ocean_post_title_bg_image_position":"","ocean_post_title_bg_image_attachment":"","ocean_post_title_bg_image_repeat":"","ocean_post_title_bg_image_size":"","ocean_post_title_height":0,"ocean_post_title_bg_overlay":0.5,"ocean_post_title_bg_overlay_color":"","ocean_disable_breadcrumbs":"default","ocean_breadcrumbs_color":"","ocean_breadcrumbs_separator_color":"","ocean_breadcrumbs_links_color":"","ocean_breadcrumbs_links_hover_color":"","ocean_display_footer_widgets":"default","ocean_display_footer_bottom":"default","ocean_custom_footer_template":"0","footnotes":""},"class_list":["post-274","page","type-page","status-publish","hentry","entry"],"_links":{"self":[{"href":"https:\/\/nerdonfi.re\/index.php?rest_route=\/wp\/v2\/pages\/274","targetHints":{"allow":["GET"]}}],"collection":[{"href":"https:\/\/nerdonfi.re\/index.php?rest_route=\/wp\/v2\/pages"}],"about":[{"href":"https:\/\/nerdonfi.re\/index.php?rest_route=\/wp\/v2\/types\/page"}],"author":[{"embeddable":true,"href":"https:\/\/nerdonfi.re\/index.php?rest_route=\/wp\/v2\/users\/1"}],"replies":[{"embeddable":true,"href":"https:\/\/nerdonfi.re\/index.php?rest_route=%2Fwp%2Fv2%2Fcomments&post=274"}],"version-history":[{"count":32,"href":"https:\/\/nerdonfi.re\/index.php?rest_route=\/wp\/v2\/pages\/274\/revisions"}],"predecessor-version":[{"id":615,"href":"https:\/\/nerdonfi.re\/index.php?rest_route=\/wp\/v2\/pages\/274\/revisions\/615"}],"wp:attachment":[{"href":"https:\/\/nerdonfi.re\/index.php?rest_route=%2Fwp%2Fv2%2Fmedia&parent=274"}],"curies":[{"name":"wp","href":"https:\/\/api.w.org\/{rel}","templated":true}]}}